{"id":10,"date":"2022-11-23T15:33:47","date_gmt":"2022-11-23T15:33:47","guid":{"rendered":"http:\/\/area-box.fr\/?page_id=10"},"modified":"2025-11-18T06:03:16","modified_gmt":"2025-11-18T06:03:16","slug":"area-box-2","status":"publish","type":"page","link":"https:\/\/area-box.fr\/","title":{"rendered":"AREA BOX"},"content":{"rendered":"\n\n\t\t\t\t<img decoding=\"async\" src=\"https:\/\/area-box.fr\/wp-content\/uploads\/2022\/11\/AREA-BOX-05.jpg\" alt=\"Movers unloading a moving van\" itemprop=\"image\" height=\"533\" width=\"800\" title=\"Movers unloading a moving van\" onerror=\"this.style.display='none'\" loading=\"lazy\" \/>\n\t\t<h2>\n\t\t\tPROFESSIONNELS\n\t\t<\/h2>\n\t<p>Notre solution de stockage en box vous permet d&#8217;archiver en toute s\u00e9curit\u00e9 vos documents dans un endroit sec, a\u00e9r\u00e9 et ventil\u00e9.<\/p>\n<p>Vous pouvez \u00e9galement stocker vos marchandises, \u00e9quipements, mobiliers, etc&#8230; sans craindre qu&#8217;ils soient endommag\u00e9s !\u00a0<\/p>\n\t\t<h2>\n\t\t\tARTISANTS\n\t\t<\/h2>\n\t<p>La gestion de vos chantiers n\u00e9cessite une ma\u00eetrise de vos approvisionnements de mati\u00e8res premi\u00e8res, de mat\u00e9riaux, etc&#8230;<\/p>\n<p>Nos box vous facilitent cette gestion et vous permettent d&#8217;anticiper les hausses de prix en ayant un stock d&#8217;avance pour maintenir votre r\u00e9activit\u00e9 aupr\u00e8s de vos clients.\u00a0<\/p>\n\n\t\t\t\t<img decoding=\"async\" src=\"https:\/\/area-box.fr\/wp-content\/uploads\/2022\/11\/AREA-BOX-07.jpg\" alt=\"Young happy delivery man unloading boxes from a mini van and talking with his coworker.\" itemprop=\"image\" height=\"480\" width=\"720\" title=\"Happy manual worker unloading cardboard boxes from delivery van.\" onerror=\"this.style.display='none'\" loading=\"lazy\" \/>\n\t\t\t\t<img decoding=\"async\" src=\"https:\/\/area-box.fr\/wp-content\/uploads\/2022\/11\/AREA-BOX-06.jpg\" alt=\"Young couple carrying big cardboard box at new home.Moving house\" itemprop=\"image\" height=\"480\" width=\"720\" title=\"Young couple carrying big cardboard box at new home.Moving house\" onerror=\"this.style.display='none'\" loading=\"lazy\" \/>\n\t\t<h2>\n\t\t\tPARTICULIERS\n\t\t<\/h2>\n\t<p>Vous disposez d&#8217;un espace de stockage pour le court, le moyen ou le long terme, vous permettant de mettre \u00e0 l&#8217;abri vos biens dans le cadre d&#8217;un(e) achat\/vente de maison, de travaux, de r\u00e9novation, de d\u00e9m\u00e9nagement en France ou \u00e0 l&#8217;\u00e9tranger, ou pour d&#8217;autres besoins.\u00a0<\/p>\n\t\t\t\t<img decoding=\"async\" src=\"https:\/\/area-box.fr\/wp-content\/uploads\/2022\/11\/AREA-BOX-SIZE.jpg\" alt=\"AREA BOX SIZE\" itemprop=\"image\" height=\"775\" width=\"1148\" title=\"AREA BOX SIZE\" onerror=\"this.style.display='none'\" loading=\"lazy\" \/>\n\t\t<h2>\n\t\t\tCARACT\u00c9RISTIQUES\n\t\t<\/h2>\n\tStockage de plein-pied<br \/>\nAcc\u00e8s direct avec votre v\u00e9hicule<br \/>\nOuverture facile<br \/>\nContr\u00f4le d&#8217;acc\u00e8s<br \/>\nEspace s\u00e9curis\u00e9<br \/>\nVid\u00e9o surveillance 7j\/7 &#8211; 24h\/24<br \/>\nContrat sans engagement<br \/>\nRobuste et s\u00e9curis\u00e9<br \/>\nHerm\u00e9tique aux nuisibles<br \/>\nBox avec a\u00e9ration sur les parois\u00a0\n\n","protected":false},"excerpt":{"rendered":"<p>PROFESSIONNELS Notre solution de stockage en box vous permet d&#8217;archiver en toute s\u00e9curit\u00e9 vos documents dans un endroit sec, a\u00e9r\u00e9 et ventil\u00e9. Vous pouvez \u00e9galement stocker vos marchandises, \u00e9quipements, mobiliers, etc&#8230; sans craindre qu&#8217;ils soient endommag\u00e9s !\u00a0 ARTISANTS La gestion de vos chantiers n\u00e9cessite une ma\u00eetrise de vos approvisionnements de mati\u00e8res premi\u00e8res, de mat\u00e9riaux, etc&#8230;&hellip;<\/p>\n","protected":false},"author":1,"featured_media":0,"parent":0,"menu_order":0,"comment_status":"closed","ping_status":"closed","template":"","meta":{"om_disable_all_campaigns":false,"inline_featured_image":false,"_monsterinsights_skip_tracking":false,"_monsterinsights_sitenote_active":false,"_monsterinsights_sitenote_note":"","_monsterinsights_sitenote_category":0,"footnotes":""},"class_list":["post-10","page","type-page","status-publish","hentry"],"aioseo_notices":[],"_links":{"self":[{"href":"https:\/\/area-box.fr\/index.php?rest_route=\/wp\/v2\/pages\/10","targetHints":{"allow":["GET"]}}],"collection":[{"href":"https:\/\/area-box.fr\/index.php?rest_route=\/wp\/v2\/pages"}],"about":[{"href":"https:\/\/area-box.fr\/index.php?rest_route=\/wp\/v2\/types\/page"}],"author":[{"embeddable":true,"href":"https:\/\/area-box.fr\/index.php?rest_route=\/wp\/v2\/users\/1"}],"replies":[{"embeddable":true,"href":"https:\/\/area-box.fr\/index.php?rest_route=%2Fwp%2Fv2%2Fcomments&post=10"}],"version-history":[{"count":85,"href":"https:\/\/area-box.fr\/index.php?rest_route=\/wp\/v2\/pages\/10\/revisions"}],"predecessor-version":[{"id":216,"href":"https:\/\/area-box.fr\/index.php?rest_route=\/wp\/v2\/pages\/10\/revisions\/216"}],"wp:attachment":[{"href":"https:\/\/area-box.fr\/index.php?rest_route=%2Fwp%2Fv2%2Fmedia&parent=10"}],"curies":[{"name":"wp","href":"https:\/\/api.w.org\/{rel}","templated":true}]}}